{"id":101,"date":"2023-12-05T09:15:59","date_gmt":"2023-12-05T09:15:59","guid":{"rendered":"http:\/\/localhost\/testwordpress\/?page_id=101"},"modified":"2024-11-20T17:42:59","modified_gmt":"2024-11-20T15:42:59","slug":"meist","status":"publish","type":"page","link":"https:\/\/praktika.confemar.ee\/wordpress\/et\/meist\/","title":{"rendered":"Meist (ET)"},"content":{"rendered":"<p>Tervis&nbsp;ravispaahotelli missioon ja visioon:<br><strong>Meie missioon on suunata inimesi v\u00e4\u00e4rtustama tervist<br><br>Meie visioon on olla tuntud ja tunnustatud spaa-traditsioonide kandja ja edasiarendaja L\u00e4\u00e4nemere regioonis ning eelistatuim tervisliku puhkuse veetmise sihtkoht Eestis.<\/strong><\/p><p>Juba \u00fcle 50 aasta professionaalset kuurortravi pakkunud Tervis&nbsp;ravispaahotell on Eesti suurim ravispaa. Lisaks t\u00e4nap\u00e4evastele tingimustele vastavale&nbsp;494 voodikohaga hotellile ootab Teid suur ravikompleks, restoran ja baarid, sauna- ja veekeskus, konverentsikeskus ja kauplus.<br><br>Tervis&nbsp;ravispaahotell kostitab Teid professionaalse kuurortravi ja spaal\u00f5\u00f5gastusega. Meie s\u00f5bralik personal ootab Teid aastaringselt 7 p\u00e4eva n\u00e4dalas. P\u00f5hjalik arsti konsultatsioon aitab meie pakutavate teenuste hulgast teha spetsiaalselt Teile sobivaima valiku. Erinevad tervistavad ja l\u00f5\u00f5gastavad paketid v\u00f5imaldavad nii pikemat kui l\u00fchiajalisemat aktiivset puhkust.<br><br>Meid k\u00fclastades saate \u00f6\u00f6bimist ja spaateenuseid kombineerides endale meeldiva paketi soovi korral ka ise koostada. Selleks palume Teil \u00fchendust v\u00f5tta meie m\u00fc\u00fcgiosakonnaga. Samuti palume pakettides sisalduvate protseduuride ajad eelnevalt raviregistratuuris broneerida!<br><br>Kosutava kohtumiseni!<\/p><p><\/p>","protected":false},"excerpt":{"rendered":"<p>Tervis&nbsp;ravispaahotelli missioon ja visioon:Meie missioon on suunata inimesi v\u00e4\u00e4rtustama tervist Meie visioon on olla tuntud ja tunnustatud spaa-traditsioonide kandja ja edasiarendaja L\u00e4\u00e4nemere regioonis ning eelistatuim tervisliku puhkuse veetmise sihtkoht Eestis. Juba \u00fcle 50 aasta professionaalset kuurortravi pakkunud Tervis&nbsp;ravispaahotell on Eesti suurim ravispaa. Lisaks t\u00e4nap\u00e4evastele tingimustele vastavale&nbsp;494 voodikohaga hotellile ootab Teid suur ravikompleks, restoran ja baarid, [&hellip;]<\/p>\n","protected":false},"author":1,"featured_media":0,"parent":0,"menu_order":0,"comment_status":"closed","ping_status":"closed","template":"templates\/meist.php","meta":{"footnotes":""},"class_list":["post-101","page","type-page","status-publish","hentry"],"_links":{"self":[{"href":"https:\/\/praktika.confemar.ee\/wordpress\/wp-json\/wp\/v2\/pages\/101","targetHints":{"allow":["GET"]}}],"collection":[{"href":"https:\/\/praktika.confemar.ee\/wordpress\/wp-json\/wp\/v2\/pages"}],"about":[{"href":"https:\/\/praktika.confemar.ee\/wordpress\/wp-json\/wp\/v2\/types\/page"}],"author":[{"embeddable":true,"href":"https:\/\/praktika.confemar.ee\/wordpress\/wp-json\/wp\/v2\/users\/1"}],"replies":[{"embeddable":true,"href":"https:\/\/praktika.confemar.ee\/wordpress\/wp-json\/wp\/v2\/comments?post=101"}],"version-history":[{"count":2,"href":"https:\/\/praktika.confemar.ee\/wordpress\/wp-json\/wp\/v2\/pages\/101\/revisions"}],"predecessor-version":[{"id":364,"href":"https:\/\/praktika.confemar.ee\/wordpress\/wp-json\/wp\/v2\/pages\/101\/revisions\/364"}],"wp:attachment":[{"href":"https:\/\/praktika.confemar.ee\/wordpress\/wp-json\/wp\/v2\/media?parent=101"}],"curies":[{"name":"wp","href":"https:\/\/api.w.org\/{rel}","templated":true}]}}